{"id":282,"date":"2023-04-01T01:27:47","date_gmt":"2023-04-01T01:27:47","guid":{"rendered":"https:\/\/suarezlaxabogados.com\/?page_id=282"},"modified":"2023-04-01T01:31:02","modified_gmt":"2023-04-01T01:31:02","slug":"clausulas-abusivas-en-prestamos-hipotecarios-2","status":"publish","type":"page","link":"https:\/\/suarezlaxabogados.com\/index.php\/clausulas-abusivas-en-prestamos-hipotecarios-2\/","title":{"rendered":"Cl\u00e1usulas abusivas en pr\u00e9stamos hipotecarios."},"content":{"rendered":"<p>Con la crisis econ\u00f3mica de 2008 salieron a la luz muchas malas pr\u00e1cticas por parte de los bancos, concretamente, en relaci\u00f3n a las hipotecas se inclu\u00edan cl\u00e1usulas perjudiciales para los consumidores, como la cl\u00e1usula suelo, la comisi\u00f3n de apertura o el cobro de otros gastos que, en realidad, deb\u00edan haber sido asumidos por las entidades bancarias.<\/p>\n<p>A lo largo de estos a\u00f1os se han ido revelando numerosos casos en los que estas pr\u00e1cticas desleales acarrearon costos para los consumidores coloc\u00e1ndolos en una posici\u00f3n de desventaja y vulnerando sus derechos.<\/p>\n<p>Si tienes una hipoteca es posible que te est\u00e9 afectando alguna de estas cl\u00e1usulas abusivas, nosotros revisamos tu contrato e intentamos una soluci\u00f3n extrajudicial con el banco, llegando incluso a interponer las acciones judiciales que sean precisas para expulsar las cl\u00e1usulas abusivas de tu hipoteca, recuperando el dinero que te han cobrado injustamente.&nbsp;<\/p>\n\n\n<div class=\"wp-block-group is-nowrap is-layout-flex wp-container-core-group-is-layout-ad2f72ca wp-block-group-is-layout-flex\">\n<div class=\"wp-block-buttons is-layout-flex wp-block-buttons-is-layout-flex\">\n<div class=\"wp-block-button\"><a class=\"wp-block-button__link wp-element-button\">suelo<\/a><\/div>\n<\/div>\n\n\n\n<div class=\"wp-block-buttons is-layout-flex wp-block-buttons-is-layout-flex\">\n<div class=\"wp-block-button\"><a class=\"wp-block-button__link wp-element-button\">gastos<\/a><\/div>\n\n\n\n<div class=\"wp-block-button\"><a class=\"wp-block-button__link wp-element-button\">comisi\u00f3n de apertura<\/a><\/div>\n\n\n\n<div class=\"wp-block-button\"><a class=\"wp-block-button__link wp-element-button\">intereses de demora<\/a><\/div>\n\n\n\n<div class=\"wp-block-button\"><a class=\"wp-block-button__link wp-element-button\">y mas&#8230;<\/a><\/div>\n<\/div>\n<\/div>\n\n\n\n<p><strong>Numerosos clientes satisfechos con la reclamaci\u00f3n de sus contratos nos avalan,<\/strong> <strong>no dudes en contactar con nosotros para devolver el equilibrio a tu hipoteca.<\/strong><\/p>\n","protected":false},"excerpt":{"rendered":"<p>Con la crisis econ\u00f3mica de 2008 salieron a la luz muchas malas pr\u00e1cticas por parte de los bancos, concretamente, en relaci\u00f3n a las hipotecas se inclu\u00edan cl\u00e1usulas perjudiciales para los&hellip;<a href=\"https:\/\/suarezlaxabogados.com\/index.php\/clausulas-abusivas-en-prestamos-hipotecarios-2\/\" class=\"more-link\"><span class=\"more-button\">Continuar leyendo&#8230;<span class=\"screen-reader-text\">Cl\u00e1usulas abusivas en pr\u00e9stamos hipotecarios.<\/span><\/span><\/a><\/p>\n","protected":false},"author":1,"featured_media":283,"parent":0,"menu_order":0,"comment_status":"closed","ping_status":"closed","template":"templates\/full-width-page.php","meta":{"footnotes":""},"class_list":["post-282","page","type-page","status-publish","has-post-thumbnail","hentry"],"_links":{"self":[{"href":"https:\/\/suarezlaxabogados.com\/index.php\/wp-json\/wp\/v2\/pages\/282","targetHints":{"allow":["GET"]}}],"collection":[{"href":"https:\/\/suarezlaxabogados.com\/index.php\/wp-json\/wp\/v2\/pages"}],"about":[{"href":"https:\/\/suarezlaxabogados.com\/index.php\/wp-json\/wp\/v2\/types\/page"}],"author":[{"embeddable":true,"href":"https:\/\/suarezlaxabogados.com\/index.php\/wp-json\/wp\/v2\/users\/1"}],"replies":[{"embeddable":true,"href":"https:\/\/suarezlaxabogados.com\/index.php\/wp-json\/wp\/v2\/comments?post=282"}],"version-history":[{"count":2,"href":"https:\/\/suarezlaxabogados.com\/index.php\/wp-json\/wp\/v2\/pages\/282\/revisions"}],"predecessor-version":[{"id":285,"href":"https:\/\/suarezlaxabogados.com\/index.php\/wp-json\/wp\/v2\/pages\/282\/revisions\/285"}],"wp:featuredmedia":[{"embeddable":true,"href":"https:\/\/suarezlaxabogados.com\/index.php\/wp-json\/wp\/v2\/media\/283"}],"wp:attachment":[{"href":"https:\/\/suarezlaxabogados.com\/index.php\/wp-json\/wp\/v2\/media?parent=282"}],"curies":[{"name":"wp","href":"https:\/\/api.w.org\/{rel}","templated":true}]}}