{"id":260,"date":"2023-03-31T23:44:22","date_gmt":"2023-03-31T23:44:22","guid":{"rendered":"https:\/\/suarezlaxabogados.com\/?page_id=260"},"modified":"2023-12-20T15:59:57","modified_gmt":"2023-12-20T15:59:57","slug":"accidentes-de-trafico","status":"publish","type":"page","link":"https:\/\/suarezlaxabogados.com\/index.php\/accidentes-de-trafico\/","title":{"rendered":"Accidentes de tr\u00e1fico"},"content":{"rendered":"\n<h2 class=\"wp-block-heading\">\u00bfHas sufrido alguno?<\/h2>\n\n\n<p><strong>En ocasiones son inevitables, ya seas conductor de turismo, motorista, ciclista, peat\u00f3n, o incluso si eres ocupante de un veh\u00edculo (autob\u00fas, motocicleta o autom\u00f3vil) y es importante actuar r\u00e1pidamente. Conf\u00eda en nuestro equipo jur\u00eddico, te acompa\u00f1amos desde el primer momento con una gesti\u00f3n personalizada del siniestro, tratando de conseguir la indemnizaci\u00f3n por las lesiones y los da\u00f1os materiales que mereces, defendiendo todos tus derechos como asegurado.<\/strong><\/p>\n<p>\u00a0<\/p>\n<p>Gestionamos la reclamaci\u00f3n de siniestros por toda Espa\u00f1a, garantiz\u00e1ndote una gesti\u00f3n diligente, contacto cercano y r\u00e1pido desde la comodidad de tu casa, resolviendo todas tus dudas con prontitud. No dudes en contactar con nosotros, estaremos encantados de ayudarte.<\/p>\n<p><span style=\"color: #ffff00;\"><strong>info@suarezlaxabogados.com\u00a0<\/strong><\/span><\/p>","protected":false},"excerpt":{"rendered":"<p>\u00bfHas sufrido alguno? En ocasiones son inevitables, ya seas conductor de turismo, motorista, ciclista, peat\u00f3n, o incluso si eres ocupante de un veh\u00edculo (autob\u00fas, motocicleta o autom\u00f3vil) y es importante&hellip;<a href=\"https:\/\/suarezlaxabogados.com\/index.php\/accidentes-de-trafico\/\" class=\"more-link\"><span class=\"more-button\">Continuar leyendo&#8230;<span class=\"screen-reader-text\">Accidentes de tr\u00e1fico<\/span><\/span><\/a><\/p>\n","protected":false},"author":1,"featured_media":265,"parent":0,"menu_order":0,"comment_status":"closed","ping_status":"closed","template":"templates\/full-width-page.php","meta":{"footnotes":""},"class_list":["post-260","page","type-page","status-publish","has-post-thumbnail","hentry"],"_links":{"self":[{"href":"https:\/\/suarezlaxabogados.com\/index.php\/wp-json\/wp\/v2\/pages\/260","targetHints":{"allow":["GET"]}}],"collection":[{"href":"https:\/\/suarezlaxabogados.com\/index.php\/wp-json\/wp\/v2\/pages"}],"about":[{"href":"https:\/\/suarezlaxabogados.com\/index.php\/wp-json\/wp\/v2\/types\/page"}],"author":[{"embeddable":true,"href":"https:\/\/suarezlaxabogados.com\/index.php\/wp-json\/wp\/v2\/users\/1"}],"replies":[{"embeddable":true,"href":"https:\/\/suarezlaxabogados.com\/index.php\/wp-json\/wp\/v2\/comments?post=260"}],"version-history":[{"count":14,"href":"https:\/\/suarezlaxabogados.com\/index.php\/wp-json\/wp\/v2\/pages\/260\/revisions"}],"predecessor-version":[{"id":367,"href":"https:\/\/suarezlaxabogados.com\/index.php\/wp-json\/wp\/v2\/pages\/260\/revisions\/367"}],"wp:featuredmedia":[{"embeddable":true,"href":"https:\/\/suarezlaxabogados.com\/index.php\/wp-json\/wp\/v2\/media\/265"}],"wp:attachment":[{"href":"https:\/\/suarezlaxabogados.com\/index.php\/wp-json\/wp\/v2\/media?parent=260"}],"curies":[{"name":"wp","href":"https:\/\/api.w.org\/{rel}","templated":true}]}}