{"id":125,"date":"2022-06-29T14:52:16","date_gmt":"2022-06-29T14:52:16","guid":{"rendered":"http:\/\/suarezlaxabogados.com\/?page_id=125"},"modified":"2023-04-02T16:54:06","modified_gmt":"2023-04-02T16:54:06","slug":"areas-de-trabajo","status":"publish","type":"page","link":"https:\/\/suarezlaxabogados.com\/index.php\/areas-de-trabajo\/","title":{"rendered":"\u00c1reas de trabajo"},"content":{"rendered":"\n<p class=\"has-medium-font-size\">En Su\u00e1rez Lax Abogados nos volcamos con la atenci\u00f3n a los problemas y necesidades de cada cliente, buscando la mejor soluci\u00f3n jur\u00eddica de manera personalizada.<\/p>\n\n\n\n<p class=\"has-medium-font-size\">Ofrecemos un estudio personalizado a cada caso, intentando conjugar calidad, rapidez y compromiso con los intereses de nuestros clientes. <\/p>\n\n\n\n<p class=\"has-medium-font-size\">Nuestro servicio de consulta online est\u00e1 orientado a ahorrarte desplazamientos innecesarios y costosos, ofreci\u00e9ndote la misma calidad en la atenci\u00f3n, desde la comodidad de tu casa. <\/p>\n\n\n\n<div class=\"wp-block-columns alignwide is-layout-flex wp-container-core-columns-is-layout-9d6595d7 wp-block-columns-is-layout-flex\">\n<div class=\"wp-block-column has-text-color has-background has-link-color wp-elements-af36ff0cb912a3ed6da053b0aa02e097 is-layout-flow wp-block-column-is-layout-flow\" style=\"color:#000000;background:radial-gradient(rgba(252,185,0,1) 0%,rgba(255,105,0,1) 100%);padding-top:2em;padding-right:2em;padding-bottom:2em;padding-left:2em\">\n<h2 class=\"wp-block-heading has-text-align-center has-medium-font-size\" id=\"single\"><strong>Derecho Civil (<\/strong><span><strong style=\"font-weight: bold;\">Obligaciones, <\/strong><\/span><span><strong style=\"font-weight: bold;\">Contratos y da\u00f1os)<\/strong> <\/span><\/h2>\n\n\n\n<p class=\"has-small-font-size\" style=\"line-height:1.5\">Asesoramiento y soluciones jur\u00eddicas en: <\/p>\n\n\n\n<hr class=\"wp-block-separator has-text-color has-css-opacity has-background is-style-wide\" style=\"background-color:#000000;color:#000000\"\/>\n\n\n\n<ul class=\"wp-block-list\">\n<li>Contratos<\/li>\n\n\n\n<li>Arrendamientos<\/li>\n\n\n\n<li>Desahucios<\/li>\n\n\n\n<li>Reclamaci\u00f3n de deudas<\/li>\n\n\n\n<li>Comunidades de propietarios<\/li>\n\n\n\n<li>Accidentes de tr\u00e1fico<\/li>\n\n\n\n<li>y mas&#8230;<\/li>\n<\/ul>\n\n\n\n<hr class=\"wp-block-separator has-text-color has-black-color has-alpha-channel-opacity has-black-background-color has-background is-style-wide\"\/>\n<\/div>\n\n\n\n<div class=\"wp-block-column has-text-color has-background has-link-color wp-elements-35eab7ab80adf6159199f6c2ad04d6e3 is-layout-flow wp-block-column-is-layout-flow\" style=\"color:#000000;background:radial-gradient(rgb(122,220,180) 0%,rgb(0,208,130) 100%);padding-top:2em;padding-right:2em;padding-bottom:2em;padding-left:2em\">\n<h2 class=\"wp-block-heading has-text-align-center has-medium-font-size\" id=\"single\"><strong><strong>Derecho Civil (Familia y Sucesiones)<\/strong><\/strong><\/h2>\n\n\n\n<p class=\"has-small-font-size\" style=\"line-height:1.5\">Atenci\u00f3n personalizada en las diversas situaciones familiares, buscando siempre la mejor protecci\u00f3n de tus intereses.<\/p>\n\n\n\n<hr class=\"wp-block-separator has-text-color has-css-opacity has-background is-style-wide\" style=\"background-color:#000000;color:#000000\"\/>\n\n\n\n<ul class=\"wp-block-list\">\n<li>Divorcios<\/li>\n\n\n\n<li>Liquidaci\u00f3n del r\u00e9gimen econ\u00f3mico matrimonial<\/li>\n\n\n\n<li>Custodia de los hijos<\/li>\n\n\n\n<li>R\u00e9gimen de visitas<\/li>\n\n\n\n<li>Herencias<\/li>\n\n\n\n<li>y mas&#8230;<\/li>\n<\/ul>\n\n\n\n<hr class=\"wp-block-separator has-text-color has-black-color has-alpha-channel-opacity has-black-background-color has-background is-style-wide\"\/>\n<\/div>\n\n\n\n<div class=\"wp-block-column has-text-color has-background has-link-color wp-elements-af877a1ded1f6103580e4b176a3f55a6 is-layout-flow wp-block-column-is-layout-flow\" style=\"color:#000000;background:radial-gradient(rgb(238,238,238) 0%,rgb(169,184,195) 100%);padding-top:2em;padding-right:2em;padding-bottom:2em;padding-left:2em\">\n<h2 class=\"wp-block-heading has-text-align-center has-medium-font-size\" id=\"family\"><strong><strong>Derecho Administrativo<\/strong><\/strong><\/h2>\n\n\n\n<p class=\"has-small-font-size\" style=\"line-height:1.5\">Las relaci\u00f3n de los ciudadanos con las administraciones puede ser complicada y precisa una respuesta jur\u00eddica acertada y r\u00e1pida.<\/p>\n\n\n\n<hr class=\"wp-block-separator has-text-color has-black-color has-alpha-channel-opacity has-black-background-color has-background is-style-wide\"\/>\n\n\n\n<ul class=\"wp-block-list\">\n<li>Multas de Tr\u00e1fico<\/li>\n\n\n\n<li>Procedimientos con Hacienda<\/li>\n\n\n\n<li>Sanciones Administrativas<\/li>\n\n\n\n<li>Instancias<\/li>\n\n\n\n<li>Recursos<\/li>\n\n\n\n<li>Accidentes en la v\u00eda p\u00fablica<\/li>\n\n\n\n<li>Responsabilidad Patrimonial de la Administraci\u00f3n<\/li>\n\n\n\n<li>Oposiciones<\/li>\n\n\n\n<li>Funcionarios<\/li>\n\n\n\n<li>y mas&#8230;<\/li>\n<\/ul>\n<\/div>\n\n\n\n<div class=\"wp-block-column has-text-color has-background has-link-color wp-elements-466908b38c4bd2f01c8d2f1cb4502d11 is-layout-flow wp-block-column-is-layout-flow\" style=\"color:#000000;background:radial-gradient(rgb(202,248,128) 0%,rgb(113,206,126) 100%);padding-top:2em;padding-right:2em;padding-bottom:2em;padding-left:2em\">\n<h2 class=\"wp-block-heading has-text-align-center has-medium-font-size\" id=\"patron\"><strong><strong>Defensa de Consumidores y Usuarios<\/strong><\/strong><\/h2>\n\n\n\n<p class=\"has-small-font-size\">La compra de productos o la contrataci\u00f3n de algunos servicios en un comercio puede convertirse en un verdadero dolor de cabeza. Contar con un buen asesoramiento puede ser la clave. <\/p>\n\n\n\n<p class=\"has-medium-font-size\">Combatimos las pr\u00e1cticas abusivas comerciales<strong>.<\/strong><\/p>\n\n\n\n<hr class=\"wp-block-separator has-text-color has-black-color has-alpha-channel-opacity has-black-background-color has-background is-style-wide\"\/>\n\n\n\n<ul class=\"wp-block-list\">\n<li>Garant\u00eda de Productos y Servicios<\/li>\n\n\n\n<li>Clausulas Abusivas en Pr\u00e9stamos Hipotecarios<\/li>\n\n\n\n<li>Tarjetas Revolving<\/li>\n\n\n\n<li>Da\u00f1os por Productos o Servicios Defectuosos<\/li>\n\n\n\n<li>Defensa contra la usura<\/li>\n<\/ul>\n<\/div>\n<\/div>\n\n\n\n<p><\/p>\n","protected":false},"excerpt":{"rendered":"<p>En Su\u00e1rez Lax Abogados nos volcamos con la atenci\u00f3n a los problemas y necesidades de cada cliente, buscando la mejor soluci\u00f3n jur\u00eddica de manera personalizada. Ofrecemos un estudio personalizado a&hellip;<a href=\"https:\/\/suarezlaxabogados.com\/index.php\/areas-de-trabajo\/\" class=\"more-link\"><span class=\"more-button\">Continuar leyendo&#8230;<span class=\"screen-reader-text\">\u00c1reas de trabajo<\/span><\/span><\/a><\/p>\n","protected":false},"author":1,"featured_media":0,"parent":0,"menu_order":0,"comment_status":"closed","ping_status":"closed","template":"","meta":{"footnotes":""},"class_list":["post-125","page","type-page","status-publish","hentry"],"_links":{"self":[{"href":"https:\/\/suarezlaxabogados.com\/index.php\/wp-json\/wp\/v2\/pages\/125","targetHints":{"allow":["GET"]}}],"collection":[{"href":"https:\/\/suarezlaxabogados.com\/index.php\/wp-json\/wp\/v2\/pages"}],"about":[{"href":"https:\/\/suarezlaxabogados.com\/index.php\/wp-json\/wp\/v2\/types\/page"}],"author":[{"embeddable":true,"href":"https:\/\/suarezlaxabogados.com\/index.php\/wp-json\/wp\/v2\/users\/1"}],"replies":[{"embeddable":true,"href":"https:\/\/suarezlaxabogados.com\/index.php\/wp-json\/wp\/v2\/comments?post=125"}],"version-history":[{"count":15,"href":"https:\/\/suarezlaxabogados.com\/index.php\/wp-json\/wp\/v2\/pages\/125\/revisions"}],"predecessor-version":[{"id":296,"href":"https:\/\/suarezlaxabogados.com\/index.php\/wp-json\/wp\/v2\/pages\/125\/revisions\/296"}],"wp:attachment":[{"href":"https:\/\/suarezlaxabogados.com\/index.php\/wp-json\/wp\/v2\/media?parent=125"}],"curies":[{"name":"wp","href":"https:\/\/api.w.org\/{rel}","templated":true}]}}